{"id":1902,"date":"2025-10-30T10:16:42","date_gmt":"2025-10-30T13:16:42","guid":{"rendered":"https:\/\/brsa.siteup.dev\/?page_id=1902"},"modified":"2025-11-10T14:48:04","modified_gmt":"2025-11-10T17:48:04","slug":"ferramentas","status":"publish","type":"page","link":"https:\/\/brsa.siteup.dev\/en\/ferramentas\/","title":{"rendered":"Ferramentas"},"content":{"rendered":"<div data-elementor-type=\"wp-page\" data-elementor-id=\"1902\" class=\"elementor elementor-1902\" data-elementor-post-type=\"page\">\n\t\t\t\t<div class=\"elementor-element elementor-element-a1357b9 e-flex e-con-boxed e-con e-parent\" data-id=\"a1357b9\" data-element_type=\"container\" data-settings=\"{&quot;jet_parallax_layout_list&quot;:[]}\">\n\t\t\t\t\t<div class=\"e-con-inner\">\n\t\t<div class=\"elementor-element elementor-element-ff2148c e-con-full e-flex e-con e-child\" data-id=\"ff2148c\" data-element_type=\"container\" data-settings=\"{&quot;background_background&quot;:&quot;classic&quot;,&quot;jet_parallax_layout_list&quot;:[]}\">\n\t\t\t\t<div class=\"elementor-element elementor-element-af1529e elementor-widget elementor-widget-heading\" data-id=\"af1529e\" data-element_type=\"widget\" data-widget_type=\"heading.default\">\n\t\t\t\t<div class=\"elementor-widget-container\">\n\t\t\t\t\t<h2 class=\"elementor-heading-title elementor-size-default\">Ferramentas da brsa<\/h2>\t\t\t\t<\/div>\n\t\t\t\t<\/div>\n\t\t\t\t<div class=\"elementor-element elementor-element-b0e1bfc elementor-widget__width-initial elementor-widget elementor-widget-text-editor\" data-id=\"b0e1bfc\" data-element_type=\"widget\" data-widget_type=\"text-editor.default\">\n\t\t\t\t<div class=\"elementor-widget-container\">\n\t\t\t\t\t\t\t\t\t<p>Potencialize as suas estrat\u00e9gias de marketing e gere resultados reais com as solu\u00e7\u00f5es desenvolvidas pela brsa.<\/p>\t\t\t\t\t\t\t\t<\/div>\n\t\t\t\t<\/div>\n\t\t\t\t<\/div>\n\t\t\t\t\t<\/div>\n\t\t\t\t<\/div>\n\t\t<div class=\"elementor-element elementor-element-cfd23f4 e-flex e-con-boxed e-con e-parent\" data-id=\"cfd23f4\" data-element_type=\"container\" data-settings=\"{&quot;jet_parallax_layout_list&quot;:[]}\">\n\t\t\t\t\t<div class=\"e-con-inner\">\n\t\t<div class=\"elementor-element elementor-element-1d77afe e-con-full e-flex e-con e-child\" data-id=\"1d77afe\" data-element_type=\"container\" data-settings=\"{&quot;background_background&quot;:&quot;classic&quot;,&quot;jet_parallax_layout_list&quot;:[]}\">\n\t\t<div class=\"elementor-element elementor-element-1562af2 e-con-full e-flex e-con e-child\" data-id=\"1562af2\" data-element_type=\"container\" data-settings=\"{&quot;background_background&quot;:&quot;classic&quot;,&quot;jet_parallax_layout_list&quot;:[]}\">\n\t\t\t\t<div class=\"elementor-element elementor-element-8eef286 elementor-widget elementor-widget-image\" data-id=\"8eef286\" data-element_type=\"widget\" data-widget_type=\"image.default\">\n\t\t\t\t<div class=\"elementor-widget-container\">\n\t\t\t\t\t\t\t\t\t\t\t\t\t\t\t<img fetchpriority=\"high\" decoding=\"async\" width=\"580\" height=\"444\" src=\"https:\/\/brsa.siteup.dev\/wp-content\/uploads\/2025\/10\/Ferramentas-da-brsa.webp\" class=\"attachment-large size-large wp-image-1917\" alt=\"Ferramentas da brsa\" srcset=\"https:\/\/brsa.siteup.dev\/wp-content\/uploads\/2025\/10\/Ferramentas-da-brsa.webp 580w, https:\/\/brsa.siteup.dev\/wp-content\/uploads\/2025\/10\/Ferramentas-da-brsa-300x230.webp 300w, https:\/\/brsa.siteup.dev\/wp-content\/uploads\/2025\/10\/Ferramentas-da-brsa-16x12.webp 16w\" sizes=\"(max-width: 580px) 100vw, 580px\" \/>\t\t\t\t\t\t\t\t\t\t\t\t\t\t\t<\/div>\n\t\t\t\t<\/div>\n\t\t<div class=\"elementor-element elementor-element-1d5f610 e-con-full e-flex e-con e-child\" data-id=\"1d5f610\" data-element_type=\"container\" data-settings=\"{&quot;jet_parallax_layout_list&quot;:[]}\">\n\t\t\t\t<div class=\"elementor-element elementor-element-1bf6fd1 elementor-widget-widescreen__width-inherit elementor-widget elementor-widget-heading\" data-id=\"1bf6fd1\" data-element_type=\"widget\" data-widget_type=\"heading.default\">\n\t\t\t\t<div class=\"elementor-widget-container\">\n\t\t\t\t\t<h2 class=\"elementor-heading-title elementor-size-default\">Exemplo de situa\u00e7\u00e3o comum que ocorre em projetos:<\/h2>\t\t\t\t<\/div>\n\t\t\t\t<\/div>\n\t\t\t\t<div class=\"elementor-element elementor-element-9676452 elementor-widget-mobile__width-inherit elementor-widget-widescreen__width-initial elementor-widget elementor-widget-text-editor\" data-id=\"9676452\" data-element_type=\"widget\" data-widget_type=\"text-editor.default\">\n\t\t\t\t<div class=\"elementor-widget-container\">\n\t\t\t\t\t\t\t\t\t<p>Avalie o interesse dos ve\u00edculos de comunica\u00e7\u00e3o pela sua marca e as suas chances de virar not\u00edcia. Indicado para profissionais de Rela\u00e7\u00f5es P\u00fablicas, Marketing ou Comunica\u00e7\u00e3o Corporativa que desejam ter melhores resultados utilizando PR Estrat\u00e9gico como<br \/>estrat\u00e9gia de comunica\u00e7\u00e3o.<\/p>\t\t\t\t\t\t\t\t<\/div>\n\t\t\t\t<\/div>\n\t\t\t\t<div class=\"elementor-element elementor-element-115be72 elementor-mobile-align-justify elementor-widget-mobile__width-inherit elementor-widget elementor-widget-button\" data-id=\"115be72\" data-element_type=\"widget\" data-widget_type=\"button.default\">\n\t\t\t\t<div class=\"elementor-widget-container\">\n\t\t\t\t\t\t\t\t\t<div class=\"elementor-button-wrapper\">\n\t\t\t\t\t<a class=\"elementor-button elementor-button-link elementor-size-sm elementor-animation-grow\" href=\"https:\/\/brsa.siteup.dev\/en\/proposta\/\">\n\t\t\t\t\t\t<span class=\"elementor-button-content-wrapper\">\n\t\t\t\t\t\t\t\t\t<span class=\"elementor-button-text\">Calcule o seu \u00edndice<\/span>\n\t\t\t\t\t<\/span>\n\t\t\t\t\t<\/a>\n\t\t\t\t<\/div>\n\t\t\t\t\t\t\t\t<\/div>\n\t\t\t\t<\/div>\n\t\t\t\t<\/div>\n\t\t\t\t<\/div>\n\t\t<div class=\"elementor-element elementor-element-6659b07 e-con-full e-flex e-con e-child\" data-id=\"6659b07\" data-element_type=\"container\" data-settings=\"{&quot;background_background&quot;:&quot;classic&quot;,&quot;jet_parallax_layout_list&quot;:[]}\">\n\t\t\t\t<div class=\"elementor-element elementor-element-a159681 elementor-widget elementor-widget-image\" data-id=\"a159681\" data-element_type=\"widget\" data-widget_type=\"image.default\">\n\t\t\t\t<div class=\"elementor-widget-container\">\n\t\t\t\t\t\t\t\t\t\t\t\t\t\t\t<img decoding=\"async\" width=\"580\" height=\"444\" src=\"https:\/\/brsa.siteup.dev\/wp-content\/uploads\/2025\/10\/Ferramentas-da-brsa-1.webp\" class=\"attachment-large size-large wp-image-1918\" alt=\"Ferramentas da brsa ()\" srcset=\"https:\/\/brsa.siteup.dev\/wp-content\/uploads\/2025\/10\/Ferramentas-da-brsa-1.webp 580w, https:\/\/brsa.siteup.dev\/wp-content\/uploads\/2025\/10\/Ferramentas-da-brsa-1-300x230.webp 300w, https:\/\/brsa.siteup.dev\/wp-content\/uploads\/2025\/10\/Ferramentas-da-brsa-1-16x12.webp 16w\" sizes=\"(max-width: 580px) 100vw, 580px\" \/>\t\t\t\t\t\t\t\t\t\t\t\t\t\t\t<\/div>\n\t\t\t\t<\/div>\n\t\t<div class=\"elementor-element elementor-element-eac9b25 e-con-full e-flex e-con e-child\" data-id=\"eac9b25\" data-element_type=\"container\" data-settings=\"{&quot;jet_parallax_layout_list&quot;:[]}\">\n\t\t\t\t<div class=\"elementor-element elementor-element-78af866 elementor-widget-widescreen__width-inherit elementor-widget elementor-widget-heading\" data-id=\"78af866\" data-element_type=\"widget\" data-widget_type=\"heading.default\">\n\t\t\t\t<div class=\"elementor-widget-container\">\n\t\t\t\t\t<h2 class=\"elementor-heading-title elementor-size-default\">Dossi\u00ea - agente de an\u00e1lise de empresas<\/h2>\t\t\t\t<\/div>\n\t\t\t\t<\/div>\n\t\t\t\t<div class=\"elementor-element elementor-element-416939a elementor-widget-mobile__width-inherit elementor-widget-widescreen__width-initial elementor-widget elementor-widget-text-editor\" data-id=\"416939a\" data-element_type=\"widget\" data-widget_type=\"text-editor.default\">\n\t\t\t\t<div class=\"elementor-widget-container\">\n\t\t\t\t\t\t\t\t\t<p>Gere um dossi\u00ea completo da empresa que voc\u00ea est\u00e1 prospectando e receba, agora mesmo, um documento com os dados firmogr\u00e1ficos (como setor, tamanho, localiza\u00e7\u00e3o e receita) e a an\u00e1lise tanto do site quanto da Company Page no LinkedIn.<br \/>Automatize essa etapa t\u00e3o importante para a qualifica\u00e7\u00e3o de leads e pr\u00e9-reuni\u00f5es de Vendas. Ganhe tempo para o que mais<br \/>importa: vender. O Dossi\u00ea \u00e9 uma amostra do que a brsa<br \/>oferece no servi\u00e7o de Sales Ops.<\/p>\t\t\t\t\t\t\t\t<\/div>\n\t\t\t\t<\/div>\n\t\t\t\t<div class=\"elementor-element elementor-element-c2289ff elementor-mobile-align-justify elementor-widget-mobile__width-inherit elementor-widget elementor-widget-button\" data-id=\"c2289ff\" data-element_type=\"widget\" data-widget_type=\"button.default\">\n\t\t\t\t<div class=\"elementor-widget-container\">\n\t\t\t\t\t\t\t\t\t<div class=\"elementor-button-wrapper\">\n\t\t\t\t\t<a class=\"elementor-button elementor-button-link elementor-size-sm elementor-animation-grow\" href=\"https:\/\/brsa.siteup.dev\/en\/proposta\/\">\n\t\t\t\t\t\t<span class=\"elementor-button-content-wrapper\">\n\t\t\t\t\t\t\t\t\t<span class=\"elementor-button-text\">Gere o seu primeiro dossi\u00ea<\/span>\n\t\t\t\t\t<\/span>\n\t\t\t\t\t<\/a>\n\t\t\t\t<\/div>\n\t\t\t\t\t\t\t\t<\/div>\n\t\t\t\t<\/div>\n\t\t\t\t<\/div>\n\t\t\t\t<\/div>\n\t\t\t\t<\/div>\n\t\t\t\t\t<\/div>\n\t\t\t\t<\/div>\n\t\t<div class=\"elementor-element elementor-element-4578f9c e-flex e-con-boxed e-con e-parent\" data-id=\"4578f9c\" data-element_type=\"container\" data-settings=\"{&quot;background_background&quot;:&quot;classic&quot;,&quot;jet_parallax_layout_list&quot;:[]}\">\n\t\t\t\t\t<div class=\"e-con-inner\">\n\t\t\t\t<div class=\"elementor-element elementor-element-3c4cf6c elementor-widget elementor-widget-image\" data-id=\"3c4cf6c\" data-element_type=\"widget\" data-widget_type=\"image.default\">\n\t\t\t\t<div class=\"elementor-widget-container\">\n\t\t\t\t\t\t\t\t\t\t\t\t\t\t\t<img decoding=\"async\" width=\"750\" height=\"716\" src=\"https:\/\/brsa.siteup.dev\/wp-content\/uploads\/2025\/10\/agencia-de-marketing-B2B-4.webp\" class=\"attachment-large size-large wp-image-560\" alt=\"ag\u00eancia de marketing BB ()\" srcset=\"https:\/\/brsa.siteup.dev\/wp-content\/uploads\/2025\/10\/agencia-de-marketing-B2B-4.webp 750w, https:\/\/brsa.siteup.dev\/wp-content\/uploads\/2025\/10\/agencia-de-marketing-B2B-4-300x286.webp 300w, https:\/\/brsa.siteup.dev\/wp-content\/uploads\/2025\/10\/agencia-de-marketing-B2B-4-13x12.webp 13w\" sizes=\"(max-width: 750px) 100vw, 750px\" \/>\t\t\t\t\t\t\t\t\t\t\t\t\t\t\t<\/div>\n\t\t\t\t<\/div>\n\t\t<div class=\"elementor-element elementor-element-e880b72 e-con-full e-flex e-con e-child\" data-id=\"e880b72\" data-element_type=\"container\" data-settings=\"{&quot;jet_parallax_layout_list&quot;:[]}\">\n\t\t\t\t<div class=\"elementor-element elementor-element-cf0f7e3 elementor-widget__width-inherit elementor-widget elementor-widget-heading\" data-id=\"cf0f7e3\" data-element_type=\"widget\" data-widget_type=\"heading.default\">\n\t\t\t\t<div class=\"elementor-widget-container\">\n\t\t\t\t\t<h3 class=\"elementor-heading-title elementor-size-default\">Agora que chegamos juntos at\u00e9 aqui, vamos agendar uma conversa?<\/h3>\t\t\t\t<\/div>\n\t\t\t\t<\/div>\n\t\t\t\t<div class=\"elementor-element elementor-element-32b0dc2 elementor-mobile-align-justify elementor-widget-mobile__width-inherit elementor-widget elementor-widget-button\" data-id=\"32b0dc2\" data-element_type=\"widget\" data-widget_type=\"button.default\">\n\t\t\t\t<div class=\"elementor-widget-container\">\n\t\t\t\t\t\t\t\t\t<div class=\"elementor-button-wrapper\">\n\t\t\t\t\t<a class=\"elementor-button elementor-button-link elementor-size-sm elementor-animation-grow\" href=\"https:\/\/brsa.siteup.dev\/en\/proposta\/\">\n\t\t\t\t\t\t<span class=\"elementor-button-content-wrapper\">\n\t\t\t\t\t\t\t\t\t<span class=\"elementor-button-text\">Agendar conversa<\/span>\n\t\t\t\t\t<\/span>\n\t\t\t\t\t<\/a>\n\t\t\t\t<\/div>\n\t\t\t\t\t\t\t\t<\/div>\n\t\t\t\t<\/div>\n\t\t\t\t<\/div>\n\t\t\t\t\t<\/div>\n\t\t\t\t<\/div>\n\t\t\t\t<\/div>","protected":false},"excerpt":{"rendered":"<p>Ferramentas da brsa Potencialize as suas estrat\u00e9gias de marketing e gere resultados reais com as solu\u00e7\u00f5es desenvolvidas pela brsa. Exemplo de situa\u00e7\u00e3o comum que ocorre em projetos: Avalie o interesse dos ve\u00edculos de comunica\u00e7\u00e3o pela sua marca e as suas chances de virar not\u00edcia. Indicado para profissionais de Rela\u00e7\u00f5es P\u00fablicas, Marketing ou Comunica\u00e7\u00e3o Corporativa que [&hellip;]<\/p>","protected":false},"author":2,"featured_media":0,"parent":0,"menu_order":0,"comment_status":"closed","ping_status":"closed","template":"","meta":{"footnotes":""},"class_list":["post-1902","page","type-page","status-publish","hentry"],"yoast_head":"<!-- This site is optimized with the Yoast SEO plugin v26.5 - https:\/\/yoast.com\/wordpress\/plugins\/seo\/ -->\n<title>Ferramentas - BRSA<\/title>\n<meta name=\"robots\" content=\"noindex, follow, max-snippet:-1, max-image-preview:large, max-video-preview:-1\" \/>\n<meta property=\"og:locale\" content=\"en_US\" \/>\n<meta property=\"og:type\" content=\"article\" \/>\n<meta property=\"og:title\" content=\"Ferramentas - BRSA\" \/>\n<meta property=\"og:description\" content=\"Ferramentas da brsa Potencialize as suas estrat\u00e9gias de marketing e gere resultados reais com as solu\u00e7\u00f5es desenvolvidas pela brsa. Exemplo de situa\u00e7\u00e3o comum que ocorre em projetos: Avalie o interesse dos ve\u00edculos de comunica\u00e7\u00e3o pela sua marca e as suas chances de virar not\u00edcia. Indicado para profissionais de Rela\u00e7\u00f5es P\u00fablicas, Marketing ou Comunica\u00e7\u00e3o Corporativa que [&hellip;]\" \/>\n<meta property=\"og:url\" content=\"https:\/\/brsa.siteup.dev\/en\/ferramentas\/\" \/>\n<meta property=\"og:site_name\" content=\"BRSA\" \/>\n<meta property=\"article:modified_time\" content=\"2025-11-10T17:48:04+00:00\" \/>\n<meta property=\"og:image\" content=\"https:\/\/brsa.siteup.dev\/wp-content\/uploads\/2025\/10\/Ferramentas-da-brsa.webp\" \/>\n<meta name=\"twitter:card\" content=\"summary_large_image\" \/>\n<meta name=\"twitter:label1\" content=\"Est. reading time\" \/>\n\t<meta name=\"twitter:data1\" content=\"2 minutes\" \/>\n<script type=\"application\/ld+json\" class=\"yoast-schema-graph\">{\"@context\":\"https:\/\/schema.org\",\"@graph\":[{\"@type\":\"WebPage\",\"@id\":\"https:\/\/brsa.siteup.dev\/en\/ferramentas\/\",\"url\":\"https:\/\/brsa.siteup.dev\/en\/ferramentas\/\",\"name\":\"Ferramentas - BRSA\",\"isPartOf\":{\"@id\":\"https:\/\/brsa.siteup.dev\/#website\"},\"primaryImageOfPage\":{\"@id\":\"https:\/\/brsa.siteup.dev\/en\/ferramentas\/#primaryimage\"},\"image\":{\"@id\":\"https:\/\/brsa.siteup.dev\/en\/ferramentas\/#primaryimage\"},\"thumbnailUrl\":\"https:\/\/brsa.siteup.dev\/wp-content\/uploads\/2025\/10\/Ferramentas-da-brsa.webp\",\"datePublished\":\"2025-10-30T13:16:42+00:00\",\"dateModified\":\"2025-11-10T17:48:04+00:00\",\"breadcrumb\":{\"@id\":\"https:\/\/brsa.siteup.dev\/en\/ferramentas\/#breadcrumb\"},\"inLanguage\":\"en-US\",\"potentialAction\":[{\"@type\":\"ReadAction\",\"target\":[\"https:\/\/brsa.siteup.dev\/en\/ferramentas\/\"]}]},{\"@type\":\"ImageObject\",\"inLanguage\":\"en-US\",\"@id\":\"https:\/\/brsa.siteup.dev\/en\/ferramentas\/#primaryimage\",\"url\":\"https:\/\/brsa.siteup.dev\/wp-content\/uploads\/2025\/10\/Ferramentas-da-brsa.webp\",\"contentUrl\":\"https:\/\/brsa.siteup.dev\/wp-content\/uploads\/2025\/10\/Ferramentas-da-brsa.webp\"},{\"@type\":\"BreadcrumbList\",\"@id\":\"https:\/\/brsa.siteup.dev\/en\/ferramentas\/#breadcrumb\",\"itemListElement\":[{\"@type\":\"ListItem\",\"position\":1,\"name\":\"In\u00edcio\",\"item\":\"https:\/\/brsa.siteup.dev\/\"},{\"@type\":\"ListItem\",\"position\":2,\"name\":\"Ferramentas\"}]},{\"@type\":\"WebSite\",\"@id\":\"https:\/\/brsa.siteup.dev\/#website\",\"url\":\"https:\/\/brsa.siteup.dev\/\",\"name\":\"BRSA\",\"description\":\"\",\"potentialAction\":[{\"@type\":\"SearchAction\",\"target\":{\"@type\":\"EntryPoint\",\"urlTemplate\":\"https:\/\/brsa.siteup.dev\/?s={search_term_string}\"},\"query-input\":{\"@type\":\"PropertyValueSpecification\",\"valueRequired\":true,\"valueName\":\"search_term_string\"}}],\"inLanguage\":\"en-US\"}]}<\/script>\n<!-- \/ Yoast SEO plugin. -->","yoast_head_json":{"title":"Ferramentas - BRSA","robots":{"index":"noindex","follow":"follow","max-snippet":"max-snippet:-1","max-image-preview":"max-image-preview:large","max-video-preview":"max-video-preview:-1"},"og_locale":"en_US","og_type":"article","og_title":"Ferramentas - BRSA","og_description":"Ferramentas da brsa Potencialize as suas estrat\u00e9gias de marketing e gere resultados reais com as solu\u00e7\u00f5es desenvolvidas pela brsa. Exemplo de situa\u00e7\u00e3o comum que ocorre em projetos: Avalie o interesse dos ve\u00edculos de comunica\u00e7\u00e3o pela sua marca e as suas chances de virar not\u00edcia. Indicado para profissionais de Rela\u00e7\u00f5es P\u00fablicas, Marketing ou Comunica\u00e7\u00e3o Corporativa que [&hellip;]","og_url":"https:\/\/brsa.siteup.dev\/en\/ferramentas\/","og_site_name":"BRSA","article_modified_time":"2025-11-10T17:48:04+00:00","og_image":[{"url":"https:\/\/brsa.siteup.dev\/wp-content\/uploads\/2025\/10\/Ferramentas-da-brsa.webp","type":"","width":"","height":""}],"twitter_card":"summary_large_image","twitter_misc":{"Est. reading time":"2 minutes"},"schema":{"@context":"https:\/\/schema.org","@graph":[{"@type":"WebPage","@id":"https:\/\/brsa.siteup.dev\/en\/ferramentas\/","url":"https:\/\/brsa.siteup.dev\/en\/ferramentas\/","name":"Ferramentas - BRSA","isPartOf":{"@id":"https:\/\/brsa.siteup.dev\/#website"},"primaryImageOfPage":{"@id":"https:\/\/brsa.siteup.dev\/en\/ferramentas\/#primaryimage"},"image":{"@id":"https:\/\/brsa.siteup.dev\/en\/ferramentas\/#primaryimage"},"thumbnailUrl":"https:\/\/brsa.siteup.dev\/wp-content\/uploads\/2025\/10\/Ferramentas-da-brsa.webp","datePublished":"2025-10-30T13:16:42+00:00","dateModified":"2025-11-10T17:48:04+00:00","breadcrumb":{"@id":"https:\/\/brsa.siteup.dev\/en\/ferramentas\/#breadcrumb"},"inLanguage":"en-US","potentialAction":[{"@type":"ReadAction","target":["https:\/\/brsa.siteup.dev\/en\/ferramentas\/"]}]},{"@type":"ImageObject","inLanguage":"en-US","@id":"https:\/\/brsa.siteup.dev\/en\/ferramentas\/#primaryimage","url":"https:\/\/brsa.siteup.dev\/wp-content\/uploads\/2025\/10\/Ferramentas-da-brsa.webp","contentUrl":"https:\/\/brsa.siteup.dev\/wp-content\/uploads\/2025\/10\/Ferramentas-da-brsa.webp"},{"@type":"BreadcrumbList","@id":"https:\/\/brsa.siteup.dev\/en\/ferramentas\/#breadcrumb","itemListElement":[{"@type":"ListItem","position":1,"name":"In\u00edcio","item":"https:\/\/brsa.siteup.dev\/"},{"@type":"ListItem","position":2,"name":"Ferramentas"}]},{"@type":"WebSite","@id":"https:\/\/brsa.siteup.dev\/#website","url":"https:\/\/brsa.siteup.dev\/","name":"BRSA","description":"","potentialAction":[{"@type":"SearchAction","target":{"@type":"EntryPoint","urlTemplate":"https:\/\/brsa.siteup.dev\/?s={search_term_string}"},"query-input":{"@type":"PropertyValueSpecification","valueRequired":true,"valueName":"search_term_string"}}],"inLanguage":"en-US"}]}},"_links":{"self":[{"href":"https:\/\/brsa.siteup.dev\/en\/wp-json\/wp\/v2\/pages\/1902","targetHints":{"allow":["GET"]}}],"collection":[{"href":"https:\/\/brsa.siteup.dev\/en\/wp-json\/wp\/v2\/pages"}],"about":[{"href":"https:\/\/brsa.siteup.dev\/en\/wp-json\/wp\/v2\/types\/page"}],"author":[{"embeddable":true,"href":"https:\/\/brsa.siteup.dev\/en\/wp-json\/wp\/v2\/users\/2"}],"replies":[{"embeddable":true,"href":"https:\/\/brsa.siteup.dev\/en\/wp-json\/wp\/v2\/comments?post=1902"}],"version-history":[{"count":37,"href":"https:\/\/brsa.siteup.dev\/en\/wp-json\/wp\/v2\/pages\/1902\/revisions"}],"predecessor-version":[{"id":2477,"href":"https:\/\/brsa.siteup.dev\/en\/wp-json\/wp\/v2\/pages\/1902\/revisions\/2477"}],"wp:attachment":[{"href":"https:\/\/brsa.siteup.dev\/en\/wp-json\/wp\/v2\/media?parent=1902"}],"curies":[{"name":"wp","href":"https:\/\/api.w.org\/{rel}","templated":true}]}}